{"id":1924,"date":"2023-09-11T20:23:28","date_gmt":"2023-09-11T17:23:28","guid":{"rendered":"https:\/\/drhaticetasli.com\/en\/\/?page_id=1924"},"modified":"2024-02-01T10:11:36","modified_gmt":"2024-02-01T07:11:36","slug":"about","status":"publish","type":"page","link":"https:\/\/drhaticetasli.com\/en\/about\/","title":{"rendered":"About"},"content":{"rendered":"<section class=\"wpb-content-wrapper\"><p>[vc_row][vc_column width=&#8221;1\/2&#8243;][vc_column_text]<strong>General Information<\/strong><\/p>\n<ul>\n<li><strong>Birth Year \/ Birthplace:<\/strong> 1968 \/ Elaz\u0131\u011f<\/li>\n<li><strong>Graduation Year \/ School:<\/strong> 1991 \/ F\u0131rat University Faculty of Medicine<\/li>\n<li><strong>Specialization Year \/ School:<\/strong> 1998 \/ Sel\u00e7uk University Faculty of Medicine<\/li>\n<li><strong>Specialty:<\/strong> Obstetrics and Gynecology<\/li>\n<\/ul>\n<p><strong>Workplaces<\/strong><\/p>\n<ul>\n<li>1991 &#8211; 1993: Ni\u011fde Maternal Child Health and Family Planning Center<\/li>\n<li>1994 &#8211; 1998: Sel\u00e7uk University Faculty of Medicine<\/li>\n<li>1998 &#8211; 1999: Konya Private Municipality Hospital<\/li>\n<li>1999 &#8211; 2009: Malatya Sevgi Hospital<\/li>\n<li>2009 &#8211; 2022: Private Doruk Bursa Hospital<\/li>\n<li>2022 &#8211; Present: Private Practice<\/li>\n<\/ul>\n<p><strong>Specialization Thesis Topic<\/strong><\/p>\n<ul>\n<li><strong>Thesis Topic:<\/strong> Investigation of aerob and anaerobic infections in hysterectomy materials<\/li>\n<\/ul>\n<p>[\/vc_column_text][\/vc_column][vc_column width=&#8221;1\/2&#8243;]<style type=\"text\/css\" data-type=\"the7_shortcodes-inline-css\">.shortcode-single-image-wrap.shortcode-single-image-2e4ff621fe568ec1ad50022659dade07.enable-bg-rollover .rollover i,\n.shortcode-single-image-wrap.shortcode-single-image-2e4ff621fe568ec1ad50022659dade07.enable-bg-rollover .rollover-video i {\n  background: -webkit-linear-gradient();\n  background: linear-gradient();\n}\n.shortcode-single-image-wrap.shortcode-single-image-2e4ff621fe568ec1ad50022659dade07 .rollover-icon {\n  font-size: 32px;\n  color: #ffffff;\n  min-width: 44px;\n  min-height: 44px;\n  line-height: 44px;\n  border-radius: 100px;\n  border-style: solid;\n  border-width: 0px;\n}\n.dt-icon-bg-on.shortcode-single-image-wrap.shortcode-single-image-2e4ff621fe568ec1ad50022659dade07 .rollover-icon {\n  background: rgba(255,255,255,0.3);\n  box-shadow: none;\n}\n<\/style><div class=\"shortcode-single-image-wrap shortcode-single-image-2e4ff621fe568ec1ad50022659dade07 alignnone  enable-bg-rollover dt-icon-bg-off\" style=\"margin-top:0px; margin-bottom:0px; margin-left:0px; margin-right:0px; width:500px;\"><div class=\"shortcode-single-image\"><div class=\"fancy-media-wrap  layzr-bg\" style=\"\"><img class=\"preload-me lazy-load\" src=\"data:image\/svg+xml,%3Csvg%20xmlns%3D&#39;http%3A%2F%2Fwww.w3.org%2F2000%2Fsvg&#39;%20viewBox%3D&#39;0%200%20500%20548&#39;%2F%3E\" data-src=\"https:\/\/drhaticetasli.com\/en\/wp-content\/uploads\/2024\/01\/Ekran-Resmi-2024-01-25-18.35.39-500x548.png\" data-srcset=\"https:\/\/drhaticetasli.com\/en\/wp-content\/uploads\/2024\/01\/Ekran-Resmi-2024-01-25-18.35.39-500x548.png 500w, https:\/\/drhaticetasli.com\/en\/wp-content\/uploads\/2024\/01\/Ekran-Resmi-2024-01-25-18.35.39-898x984.png 898w\" width=\"500\" height=\"548\"  data-dt-location=\"https:\/\/drhaticetasli.com\/en\/home\/ekran-resmi-2024-01-25-18-35-39\/\" style=\"\" alt=\"\" \/><\/div><\/div><\/div>[\/vc_column][\/vc_row]<\/p>\n<\/section>","protected":false},"excerpt":{"rendered":"<p>[vc_row][vc_column width=&#8221;1\/2&#8243;][vc_column_text]General Information Birth Year \/ Birthplace: 1968 \/ Elaz\u0131\u011f Graduation Year \/ School: 1991 \/ F\u0131rat University Faculty of Medicine Specialization Year \/ School: 1998 \/ Sel\u00e7uk University Faculty of Medicine Specialty: Obstetrics and Gynecology Workplaces 1991 &#8211; 1993: Ni\u011fde Maternal Child Health and Family Planning Center 1994 &#8211; 1998: Sel\u00e7uk University Faculty of&hellip;<\/p>\n","protected":false},"author":1,"featured_media":0,"parent":0,"menu_order":0,"comment_status":"closed","ping_status":"closed","template":"","meta":[],"_links":{"self":[{"href":"https:\/\/drhaticetasli.com\/en\/wp-json\/wp\/v2\/pages\/1924"}],"collection":[{"href":"https:\/\/drhaticetasli.com\/en\/wp-json\/wp\/v2\/pages"}],"about":[{"href":"https:\/\/drhaticetasli.com\/en\/wp-json\/wp\/v2\/types\/page"}],"author":[{"embeddable":true,"href":"https:\/\/drhaticetasli.com\/en\/wp-json\/wp\/v2\/users\/1"}],"replies":[{"embeddable":true,"href":"https:\/\/drhaticetasli.com\/en\/wp-json\/wp\/v2\/comments?post=1924"}],"version-history":[{"count":8,"href":"https:\/\/drhaticetasli.com\/en\/wp-json\/wp\/v2\/pages\/1924\/revisions"}],"predecessor-version":[{"id":2420,"href":"https:\/\/drhaticetasli.com\/en\/wp-json\/wp\/v2\/pages\/1924\/revisions\/2420"}],"wp:attachment":[{"href":"https:\/\/drhaticetasli.com\/en\/wp-json\/wp\/v2\/media?parent=1924"}],"curies":[{"name":"wp","href":"https:\/\/api.w.org\/{rel}","templated":true}]}}